{"id":1222,"date":"2024-04-02T19:59:17","date_gmt":"2024-04-02T19:59:17","guid":{"rendered":"https:\/\/boulegado.cl\/?page_id=1222"},"modified":"2024-04-02T20:03:35","modified_gmt":"2024-04-02T20:03:35","slug":"gran-pisco-46o-bou-legado","status":"publish","type":"page","link":"https:\/\/boulegado.cl\/en\/gran-pisco-46o-bou-legado\/","title":{"rendered":"Gran Pisco 46\u00ba Bou Legado"},"content":{"rendered":"<div data-elementor-type=\"wp-page\" data-elementor-id=\"1222\" class=\"elementor elementor-1222\" data-elementor-settings=\"{&quot;ha_cmc_init_switcher&quot;:&quot;no&quot;}\" data-elementor-post-type=\"page\">\n\t\t\t\t<div class=\"elementor-element elementor-element-1294179 e-flex e-con-boxed wpr-particle-no wpr-jarallax-no wpr-parallax-no wpr-sticky-section-no e-con e-parent\" data-id=\"1294179\" data-element_type=\"container\" data-settings=\"{&quot;_ha_eqh_enable&quot;:false}\">\n\t\t\t\t\t<div class=\"e-con-inner\">\n\t\t<div class=\"elementor-element elementor-element-65eee6d classdata e-flex e-con-boxed wpr-particle-no wpr-jarallax-no wpr-parallax-no wpr-sticky-section-no elementor-invisible e-con e-child\" data-id=\"65eee6d\" data-element_type=\"container\" data-settings=\"{&quot;animation&quot;:&quot;fadeInRight&quot;,&quot;background_background&quot;:&quot;classic&quot;,&quot;_ha_eqh_enable&quot;:false}\">\n\t\t\t\t\t<div class=\"e-con-inner\">\n\t\t<div class=\"elementor-element elementor-element-af6cd7f e-con-full e-flex wpr-particle-no wpr-jarallax-no wpr-parallax-no wpr-sticky-section-no e-con e-child\" data-id=\"af6cd7f\" data-element_type=\"container\" data-settings=\"{&quot;_ha_eqh_enable&quot;:false}\">\n\t\t\t\t<div class=\"elementor-element elementor-element-f4584a7 elementor-widget elementor-widget-heading\" data-id=\"f4584a7\" data-element_type=\"widget\" data-widget_type=\"heading.default\">\n\t\t\t\t<div class=\"elementor-widget-container\">\n\t\t\t\t\t<h2 class=\"elementor-heading-title elementor-size-default\">Gran Pisco 46\u00ba<\/h2>\t\t\t\t<\/div>\n\t\t\t\t<\/div>\n\t\t\t\t<div class=\"elementor-element elementor-element-036ff0b elementor-widget elementor-widget-heading\" data-id=\"036ff0b\" data-element_type=\"widget\" data-widget_type=\"heading.default\">\n\t\t\t\t<div class=\"elementor-widget-container\">\n\t\t\t\t\t<h2 class=\"elementor-heading-title elementor-size-default\">Bou Legado<\/h2>\t\t\t\t<\/div>\n\t\t\t\t<\/div>\n\t\t\t\t<div class=\"elementor-element elementor-element-c482f46 elementor-widget elementor-widget-heading\" data-id=\"c482f46\" data-element_type=\"widget\" data-widget_type=\"heading.default\">\n\t\t\t\t<div class=\"elementor-widget-container\">\n\t\t\t\t\t<h2 class=\"elementor-heading-title elementor-size-default\">A\u00f1ejo 7<\/h2>\t\t\t\t<\/div>\n\t\t\t\t<\/div>\n\t\t\t\t<div class=\"elementor-element elementor-element-d6edc82 elementor-widget__width-initial elementor-invisible elementor-widget elementor-widget-image\" data-id=\"d6edc82\" data-element_type=\"widget\" data-settings=\"{&quot;_animation&quot;:&quot;fadeInRight&quot;}\" data-widget_type=\"image.default\">\n\t\t\t\t<div class=\"elementor-widget-container\">\n\t\t\t\t\t\t\t\t\t\t\t\t\t\t\t<img decoding=\"async\" src=\"https:\/\/boulegado.cl\/wp-content\/uploads\/2024\/02\/46-1.png\" title=\"46\" alt=\"46\" loading=\"lazy\" \/>\t\t\t\t\t\t\t\t\t\t\t\t\t\t\t<\/div>\n\t\t\t\t<\/div>\n\t\t\t\t<\/div>\n\t\t<div class=\"elementor-element elementor-element-db38479 e-con-full e-flex wpr-particle-no wpr-jarallax-no wpr-parallax-no wpr-sticky-section-no e-con e-child\" data-id=\"db38479\" data-element_type=\"container\" data-settings=\"{&quot;_ha_eqh_enable&quot;:false}\">\n\t\t\t\t<div class=\"elementor-element elementor-element-a5db075 elementor-widget elementor-widget-text-editor\" data-id=\"a5db075\" data-element_type=\"widget\" data-widget_type=\"text-editor.default\">\n\t\t\t\t<div class=\"elementor-widget-container\">\n\t\t\t\t\t\t\t\t\t<p><strong>Producto:<\/strong><br \/>Pisco.<br \/><strong>Graduaci\u00f3n:<\/strong><br \/>Alc. 46% Vol. \/ Gran Pisco.<br \/><strong>Procedencia:<\/strong><br \/>Envasado en origen en Jorquera, comuna de Salamanca,<br \/>IV Regi\u00f3n de Coquimbo, Chile.<\/p>\t\t\t\t\t\t\t\t<\/div>\n\t\t\t\t<\/div>\n\t\t\t\t<div class=\"elementor-element elementor-element-fd2f450 elementor-widget elementor-widget-text-editor\" data-id=\"fd2f450\" data-element_type=\"widget\" data-widget_type=\"text-editor.default\">\n\t\t\t\t<div class=\"elementor-widget-container\">\n\t\t\t\t\t\t\t\t\t<p><strong>Color:<\/strong><br \/>Ambar brillante con destellos rojos.<br \/><strong>Cepas:<\/strong><br \/>Moscatel Rosada y Moscatel de Alejandr\u00eda.<br \/><strong>Vinificaci\u00f3n:<\/strong><br \/>Vinificaci\u00f3n en blanco y maceraci\u00f3n a baja temperatura.<br \/><strong>Destilaci\u00f3n:<\/strong><br \/>Destilaci\u00f3n en Alambiques discontinuos de cobre con el<br \/>fin de conservar aromas y sabores de las cepas Moscatel.<br \/><strong>Guarda:<\/strong><br \/>Protegido en barricas de Roble Franc\u00e9s por 7 a\u00f1os<br \/><strong>Tratamientos:<\/strong><br \/>Filtraci\u00f3n en fr\u00edo y filtraci\u00f3n por placas de celulosa antes<br \/>de ser envasado.<\/p>\t\t\t\t\t\t\t\t<\/div>\n\t\t\t\t<\/div>\n\t\t\t\t<\/div>\n\t\t<div class=\"elementor-element elementor-element-0e6a76a e-con-full e-flex wpr-particle-no wpr-jarallax-no wpr-parallax-no wpr-sticky-section-no e-con e-child\" data-id=\"0e6a76a\" data-element_type=\"container\" data-settings=\"{&quot;_ha_eqh_enable&quot;:false}\">\n\t\t\t\t<div class=\"elementor-element elementor-element-fe33641 elementor-widget elementor-widget-text-editor\" data-id=\"fe33641\" data-element_type=\"widget\" data-widget_type=\"text-editor.default\">\n\t\t\t\t<div class=\"elementor-widget-container\">\n\t\t\t\t\t\t\t\t\t<p>Acidez (\u00c1cido Ac\u00e9tico) 0,043<br \/>Esteres (Acetato Etilo) 0,274<br \/>Acetaldehido 0,136<br \/>Furfural 0,007<br \/>Alcohol Met\u00edlico 0,789<br \/>Alcohol Prop\u00edlico 0,449<br \/>Alcohol Isobut\u00edlico 0,261<br \/>Alcohol But\u00edlico \u2014<br \/>Alcoholes Amilico Activo e Isoam\u00edlico 1,196<\/p>\t\t\t\t\t\t\t\t<\/div>\n\t\t\t\t<\/div>\n\t\t\t\t<div class=\"elementor-element elementor-element-29e699b elementor-widget elementor-widget-text-editor\" data-id=\"29e699b\" data-element_type=\"widget\" data-widget_type=\"text-editor.default\">\n\t\t\t\t<div class=\"elementor-widget-container\">\n\t\t\t\t\t\t\t\t\t<p><strong>Packaging:<\/strong><br \/>Botella de 750 ml. Tap\u00f3n Bartop Monoblock para garantizar<br \/>sellado. Etiqueta principal serigrafiada en botella y etiqueta identificadora seg\u00fan tipo y variedad. Contraetiqueta<br \/>descriptiva del producto. C\u00e1psula termocontraible y estuche individual.<br \/><strong>Caja Master:<\/strong><br \/>Contiene tres botellas iguales con sus respectivos estuches.<br \/>Peso neto 4,8 Klg. Medidas 34 cm (Largo), 17 cm<br \/>(Ancho), 26 (Alto).<br \/><strong>Paletizado:<\/strong><br \/>21 Cajas Master por base. Cinco Bases de altura, 105 cajas<br \/>por pallet<\/p>\t\t\t\t\t\t\t\t<\/div>\n\t\t\t\t<\/div>\n\t\t\t\t<\/div>\n\t\t\t\t\t<\/div>\n\t\t\t\t<\/div>\n\t\t\t\t\t<\/div>\n\t\t\t\t<\/div>\n\t\t\t\t<\/div>","protected":false},"excerpt":{"rendered":"<p>Gran Pisco 46\u00ba Bou Legado A\u00f1ejo 7 Producto:Pisco.Graduaci\u00f3n:Alc. 46% Vol. \/ Gran Pisco.Procedencia:Envasado en origen en Jorquera, comuna de Salamanca,IV Regi\u00f3n de Coquimbo, Chile. Color:Ambar brillante con destellos rojos.Cepas:Moscatel Rosada y Moscatel de Alejandr\u00eda.Vinificaci\u00f3n:Vinificaci\u00f3n en blanco y maceraci\u00f3n a baja temperatura.Destilaci\u00f3n:Destilaci\u00f3n en Alambiques discontinuos de cobre con elfin de conservar aromas y sabores de las cepas Moscatel.Guarda:Protegido en barricas de Roble Franc\u00e9s por 7 a\u00f1osTratamientos:Filtraci\u00f3n en fr\u00edo y filtraci\u00f3n por placas de celulosa antesde ser envasado. Acidez (\u00c1cido Ac\u00e9tico) 0,043Esteres (Acetato Etilo) 0,274Acetaldehido 0,136Furfural 0,007Alcohol Met\u00edlico 0,789Alcohol Prop\u00edlico 0,449Alcohol Isobut\u00edlico 0,261Alcohol But\u00edlico \u2014Alcoholes Amilico Activo e Isoam\u00edlico 1,196 Packaging:Botella de 750 ml. Tap\u00f3n Bartop Monoblock para garantizarsellado. Etiqueta principal serigrafiada en botella y etiqueta identificadora seg\u00fan tipo y variedad. Contraetiquetadescriptiva del producto. C\u00e1psula termocontraible y estuche individual.Caja Master:Contiene tres botellas iguales con sus respectivos estuches.Peso neto 4,8 Klg. Medidas 34 cm (Largo), 17 cm(Ancho), 26 (Alto).Paletizado:21 Cajas Master por base. Cinco Bases de altura, 105 cajaspor pallet<\/p>","protected":false},"author":1,"featured_media":0,"parent":0,"menu_order":0,"comment_status":"closed","ping_status":"closed","template":"elementor_header_footer","meta":{"_joinchat":[],"footnotes":""},"class_list":["post-1222","page","type-page","status-publish"],"_links":{"self":[{"href":"https:\/\/boulegado.cl\/en\/wp-json\/wp\/v2\/pages\/1222","targetHints":{"allow":["GET"]}}],"collection":[{"href":"https:\/\/boulegado.cl\/en\/wp-json\/wp\/v2\/pages"}],"about":[{"href":"https:\/\/boulegado.cl\/en\/wp-json\/wp\/v2\/types\/page"}],"author":[{"embeddable":true,"href":"https:\/\/boulegado.cl\/en\/wp-json\/wp\/v2\/users\/1"}],"replies":[{"embeddable":true,"href":"https:\/\/boulegado.cl\/en\/wp-json\/wp\/v2\/comments?post=1222"}],"version-history":[{"count":4,"href":"https:\/\/boulegado.cl\/en\/wp-json\/wp\/v2\/pages\/1222\/revisions"}],"predecessor-version":[{"id":1232,"href":"https:\/\/boulegado.cl\/en\/wp-json\/wp\/v2\/pages\/1222\/revisions\/1232"}],"wp:attachment":[{"href":"https:\/\/boulegado.cl\/en\/wp-json\/wp\/v2\/media?parent=1222"}],"curies":[{"name":"wp","href":"https:\/\/api.w.org\/{rel}","templated":true}]}}