{"id":1219,"date":"2024-04-02T19:58:54","date_gmt":"2024-04-02T19:58:54","guid":{"rendered":"https:\/\/boulegado.cl\/?page_id=1219"},"modified":"2024-04-02T20:05:08","modified_gmt":"2024-04-02T20:05:08","slug":"pisco-40-reservado-blanco-1929-bou-legado","status":"publish","type":"page","link":"https:\/\/boulegado.cl\/en\/pisco-40-reservado-blanco-1929-bou-legado\/","title":{"rendered":"Pisco 40\u00b0 Reservado Blanco 1929 Bou Legado"},"content":{"rendered":"<div data-elementor-type=\"wp-page\" data-elementor-id=\"1219\" class=\"elementor elementor-1219\" data-elementor-settings=\"{&quot;ha_cmc_init_switcher&quot;:&quot;no&quot;}\" data-elementor-post-type=\"page\">\n\t\t\t\t<div class=\"elementor-element elementor-element-1294179 e-flex e-con-boxed wpr-particle-no wpr-jarallax-no wpr-parallax-no wpr-sticky-section-no e-con e-parent\" data-id=\"1294179\" data-element_type=\"container\" data-settings=\"{&quot;_ha_eqh_enable&quot;:false}\">\n\t\t\t\t\t<div class=\"e-con-inner\">\n\t\t<div class=\"elementor-element elementor-element-6c322be classdata e-flex e-con-boxed wpr-particle-no wpr-jarallax-no wpr-parallax-no wpr-sticky-section-no elementor-invisible e-con e-child\" data-id=\"6c322be\" data-element_type=\"container\" data-settings=\"{&quot;animation&quot;:&quot;fadeInRight&quot;,&quot;background_background&quot;:&quot;classic&quot;,&quot;_ha_eqh_enable&quot;:false}\">\n\t\t\t\t\t<div class=\"e-con-inner\">\n\t\t<div class=\"elementor-element elementor-element-72be93d e-con-full e-flex wpr-particle-no wpr-jarallax-no wpr-parallax-no wpr-sticky-section-no e-con e-child\" data-id=\"72be93d\" data-element_type=\"container\" data-settings=\"{&quot;_ha_eqh_enable&quot;:false}\">\n\t\t\t\t<div class=\"elementor-element elementor-element-449d2eb elementor-widget elementor-widget-heading\" data-id=\"449d2eb\" data-element_type=\"widget\" data-widget_type=\"heading.default\">\n\t\t\t\t<div class=\"elementor-widget-container\">\n\t\t\t\t\t<h2 class=\"elementor-heading-title elementor-size-default\">Pisco 40\u00b0 Reservado Blanco<\/h2>\t\t\t\t<\/div>\n\t\t\t\t<\/div>\n\t\t\t\t<div class=\"elementor-element elementor-element-51abfec elementor-widget elementor-widget-heading\" data-id=\"51abfec\" data-element_type=\"widget\" data-widget_type=\"heading.default\">\n\t\t\t\t<div class=\"elementor-widget-container\">\n\t\t\t\t\t<h2 class=\"elementor-heading-title elementor-size-default\">1929 Bou Legado<\/h2>\t\t\t\t<\/div>\n\t\t\t\t<\/div>\n\t\t\t\t<div class=\"elementor-element elementor-element-bf02595 elementor-widget elementor-widget-heading\" data-id=\"bf02595\" data-element_type=\"widget\" data-widget_type=\"heading.default\">\n\t\t\t\t<div class=\"elementor-widget-container\">\n\t\t\t\t\t<h2 class=\"elementor-heading-title elementor-size-default\">Blanco Original.<\/h2>\t\t\t\t<\/div>\n\t\t\t\t<\/div>\n\t\t\t\t<div class=\"elementor-element elementor-element-804538d elementor-widget__width-initial elementor-invisible elementor-widget elementor-widget-image\" data-id=\"804538d\" data-element_type=\"widget\" data-settings=\"{&quot;_animation&quot;:&quot;fadeInRight&quot;}\" data-widget_type=\"image.default\">\n\t\t\t\t<div class=\"elementor-widget-container\">\n\t\t\t\t\t\t\t\t\t\t\t\t\t\t\t<img decoding=\"async\" src=\"https:\/\/boulegado.cl\/wp-content\/uploads\/2024\/02\/40blanco-1.png\" title=\"40blanco\" alt=\"40blanco\" loading=\"lazy\" \/>\t\t\t\t\t\t\t\t\t\t\t\t\t\t\t<\/div>\n\t\t\t\t<\/div>\n\t\t\t\t<\/div>\n\t\t<div class=\"elementor-element elementor-element-3aacf00 e-con-full e-flex wpr-particle-no wpr-jarallax-no wpr-parallax-no wpr-sticky-section-no e-con e-child\" data-id=\"3aacf00\" data-element_type=\"container\" data-settings=\"{&quot;_ha_eqh_enable&quot;:false}\">\n\t\t\t\t<div class=\"elementor-element elementor-element-ffa7068 elementor-widget elementor-widget-text-editor\" data-id=\"ffa7068\" data-element_type=\"widget\" data-widget_type=\"text-editor.default\">\n\t\t\t\t<div class=\"elementor-widget-container\">\n\t\t\t\t\t\t\t\t\t<p><strong>Producto:<\/strong><br \/>Pisco.<br \/><strong>Graduaci\u00f3n:<\/strong><br \/>Alc. 40% Vol. \/ Reservado.<br \/><strong>Procedencia:<\/strong><br \/>Envasado en origen en Jorquera, comuna de Salamanca,<br \/>IV Regi\u00f3n de Coquimbo, Chile.<\/p>\t\t\t\t\t\t\t\t<\/div>\n\t\t\t\t<\/div>\n\t\t\t\t<div class=\"elementor-element elementor-element-4eb7a71 elementor-widget elementor-widget-text-editor\" data-id=\"4eb7a71\" data-element_type=\"widget\" data-widget_type=\"text-editor.default\">\n\t\t\t\t<div class=\"elementor-widget-container\">\n\t\t\t\t\t\t\t\t\t<p><strong>Color:<\/strong><br \/>Incoloro, brillante y destellos plateados.<br \/><strong>Cepas:<\/strong><br \/>Moscatel Rosada y Moscatel de Alejandr\u00eda.<br \/><strong>Vinificaci\u00f3n:<\/strong><br \/>Vinificaci\u00f3n en blanco y maceraci\u00f3n a baja temperatura.<br \/><strong>Destilaci\u00f3n:<\/strong><br \/>Destilaci\u00f3n en Alambiques discontinuos de cobre con el<br \/>fin de conservar aromas y sabores de las cepas Moscatel.<br \/><strong>Tratamientos:<\/strong><br \/>Filtraci\u00f3n en fr\u00edo y filtraci\u00f3n por placas de celulosa antes<br \/>de ser envasado.<\/p>\t\t\t\t\t\t\t\t<\/div>\n\t\t\t\t<\/div>\n\t\t\t\t<\/div>\n\t\t<div class=\"elementor-element elementor-element-8089ec6 e-con-full e-flex wpr-particle-no wpr-jarallax-no wpr-parallax-no wpr-sticky-section-no e-con e-child\" data-id=\"8089ec6\" data-element_type=\"container\" data-settings=\"{&quot;_ha_eqh_enable&quot;:false}\">\n\t\t\t\t<div class=\"elementor-element elementor-element-66fba55 elementor-widget elementor-widget-text-editor\" data-id=\"66fba55\" data-element_type=\"widget\" data-widget_type=\"text-editor.default\">\n\t\t\t\t<div class=\"elementor-widget-container\">\n\t\t\t\t\t\t\t\t\t<p>Acidez (\u00c1cido Ac\u00e9tico) 0,014<br \/>Esteres (Acetato Etilo) 0,331<br \/>Acetaldehido 0,088<br \/>Furfural 0,006<br \/>Alcohol Met\u00edlico 0,764<br \/>Alcohol Prop\u00edlico 0,428<br \/>Alcohol Isobut\u00edlico 0,251<br \/>Alcohol But\u00edlico \u2014<br \/>Alcoholes Amilico Activo e Isoam\u00edlico 1,134<\/p>\t\t\t\t\t\t\t\t<\/div>\n\t\t\t\t<\/div>\n\t\t\t\t<div class=\"elementor-element elementor-element-c6c5564 elementor-widget elementor-widget-text-editor\" data-id=\"c6c5564\" data-element_type=\"widget\" data-widget_type=\"text-editor.default\">\n\t\t\t\t<div class=\"elementor-widget-container\">\n\t\t\t\t\t\t\t\t\t<p><strong>Packaging:<\/strong><br \/>Botella de 750 ml. Tap\u00f3n Bartop Monoblock para garantizar sellado. Etiqueta principal serigrafiada en botella y etiqueta identificadora seg\u00fan tipo y variedad. Contraetiqueta descriptiva del producto. C\u00e1psula termocontraible y estuche individual.<br \/><strong>Caja Master:<\/strong><br \/>Contiene seis botellas iguales con sus respectivos estuches.<br \/>Peso neto 9,3 Klg. Medidas 31,5 cm (Largo), 14 cm<br \/>(Ancho), 26,6 (Alto).<br \/><strong>Paletizado:<\/strong><br \/>21 Cajas Master por base. Cinco Bases de altura, 105 cajas<br \/>por pallet.<\/p>\t\t\t\t\t\t\t\t<\/div>\n\t\t\t\t<\/div>\n\t\t\t\t<\/div>\n\t\t\t\t\t<\/div>\n\t\t\t\t<\/div>\n\t\t\t\t\t<\/div>\n\t\t\t\t<\/div>\n\t\t\t\t<\/div>","protected":false},"excerpt":{"rendered":"<p>Pisco 40\u00b0 Reservado Blanco 1929 Bou Legado Blanco Original. Producto:Pisco.Graduaci\u00f3n:Alc. 40% Vol. \/ Reservado.Procedencia:Envasado en origen en Jorquera, comuna de Salamanca,IV Regi\u00f3n de Coquimbo, Chile. Color:Incoloro, brillante y destellos plateados.Cepas:Moscatel Rosada y Moscatel de Alejandr\u00eda.Vinificaci\u00f3n:Vinificaci\u00f3n en blanco y maceraci\u00f3n a baja temperatura.Destilaci\u00f3n:Destilaci\u00f3n en Alambiques discontinuos de cobre con elfin de conservar aromas y sabores de las cepas Moscatel.Tratamientos:Filtraci\u00f3n en fr\u00edo y filtraci\u00f3n por placas de celulosa antesde ser envasado. Acidez (\u00c1cido Ac\u00e9tico) 0,014Esteres (Acetato Etilo) 0,331Acetaldehido 0,088Furfural 0,006Alcohol Met\u00edlico 0,764Alcohol Prop\u00edlico 0,428Alcohol Isobut\u00edlico 0,251Alcohol But\u00edlico \u2014Alcoholes Amilico Activo e Isoam\u00edlico 1,134 Packaging:Botella de 750 ml. Tap\u00f3n Bartop Monoblock para garantizar sellado. Etiqueta principal serigrafiada en botella y etiqueta identificadora seg\u00fan tipo y variedad. Contraetiqueta descriptiva del producto. C\u00e1psula termocontraible y estuche individual.Caja Master:Contiene seis botellas iguales con sus respectivos estuches.Peso neto 9,3 Klg. Medidas 31,5 cm (Largo), 14 cm(Ancho), 26,6 (Alto).Paletizado:21 Cajas Master por base. Cinco Bases de altura, 105 cajaspor pallet.<\/p>","protected":false},"author":1,"featured_media":0,"parent":0,"menu_order":0,"comment_status":"closed","ping_status":"closed","template":"elementor_header_footer","meta":{"_joinchat":[],"footnotes":""},"class_list":["post-1219","page","type-page","status-publish"],"_links":{"self":[{"href":"https:\/\/boulegado.cl\/en\/wp-json\/wp\/v2\/pages\/1219","targetHints":{"allow":["GET"]}}],"collection":[{"href":"https:\/\/boulegado.cl\/en\/wp-json\/wp\/v2\/pages"}],"about":[{"href":"https:\/\/boulegado.cl\/en\/wp-json\/wp\/v2\/types\/page"}],"author":[{"embeddable":true,"href":"https:\/\/boulegado.cl\/en\/wp-json\/wp\/v2\/users\/1"}],"replies":[{"embeddable":true,"href":"https:\/\/boulegado.cl\/en\/wp-json\/wp\/v2\/comments?post=1219"}],"version-history":[{"count":4,"href":"https:\/\/boulegado.cl\/en\/wp-json\/wp\/v2\/pages\/1219\/revisions"}],"predecessor-version":[{"id":1235,"href":"https:\/\/boulegado.cl\/en\/wp-json\/wp\/v2\/pages\/1219\/revisions\/1235"}],"wp:attachment":[{"href":"https:\/\/boulegado.cl\/en\/wp-json\/wp\/v2\/media?parent=1219"}],"curies":[{"name":"wp","href":"https:\/\/api.w.org\/{rel}","templated":true}]}}