{"id":1209,"date":"2024-04-02T19:54:45","date_gmt":"2024-04-02T19:54:45","guid":{"rendered":"https:\/\/boulegado.cl\/?page_id=1209"},"modified":"2024-04-02T19:56:00","modified_gmt":"2024-04-02T19:56:00","slug":"pisco-especial-35","status":"publish","type":"page","link":"https:\/\/boulegado.cl\/en\/pisco-especial-35\/","title":{"rendered":"Pisco Especial 35"},"content":{"rendered":"<div data-elementor-type=\"wp-page\" data-elementor-id=\"1209\" class=\"elementor elementor-1209\" data-elementor-settings=\"{&quot;ha_cmc_init_switcher&quot;:&quot;no&quot;}\" data-elementor-post-type=\"page\">\n\t\t\t\t<div class=\"elementor-element elementor-element-1294179 e-flex e-con-boxed wpr-particle-no wpr-jarallax-no wpr-parallax-no wpr-sticky-section-no e-con e-parent\" data-id=\"1294179\" data-element_type=\"container\" data-settings=\"{&quot;_ha_eqh_enable&quot;:false}\">\n\t\t\t\t\t<div class=\"e-con-inner\">\n\t\t<div class=\"elementor-element elementor-element-448ffbe classdata e-flex e-con-boxed wpr-particle-no wpr-jarallax-no wpr-parallax-no wpr-sticky-section-no elementor-invisible e-con e-child\" data-id=\"448ffbe\" data-element_type=\"container\" data-settings=\"{&quot;animation&quot;:&quot;fadeInRight&quot;,&quot;background_background&quot;:&quot;classic&quot;,&quot;_ha_eqh_enable&quot;:false}\">\n\t\t\t\t\t<div class=\"e-con-inner\">\n\t\t<div class=\"elementor-element elementor-element-64a2614 e-con-full e-flex wpr-particle-no wpr-jarallax-no wpr-parallax-no wpr-sticky-section-no e-con e-child\" data-id=\"64a2614\" data-element_type=\"container\" data-settings=\"{&quot;_ha_eqh_enable&quot;:false}\">\n\t\t\t\t<div class=\"elementor-element elementor-element-4a98acd elementor-widget elementor-widget-heading\" data-id=\"4a98acd\" data-element_type=\"widget\" data-widget_type=\"heading.default\">\n\t\t\t\t<div class=\"elementor-widget-container\">\n\t\t\t\t\t<h2 class=\"elementor-heading-title elementor-size-default\">Pisco Especial 35\u00ba<\/h2>\t\t\t\t<\/div>\n\t\t\t\t<\/div>\n\t\t\t\t<div class=\"elementor-element elementor-element-47fa06d elementor-widget elementor-widget-heading\" data-id=\"47fa06d\" data-element_type=\"widget\" data-widget_type=\"heading.default\">\n\t\t\t\t<div class=\"elementor-widget-container\">\n\t\t\t\t\t<h2 class=\"elementor-heading-title elementor-size-default\">1929 Bou Legado<\/h2>\t\t\t\t<\/div>\n\t\t\t\t<\/div>\n\t\t\t\t<div class=\"elementor-element elementor-element-e7d43fd elementor-widget elementor-widget-heading\" data-id=\"e7d43fd\" data-element_type=\"widget\" data-widget_type=\"heading.default\">\n\t\t\t\t<div class=\"elementor-widget-container\">\n\t\t\t\t\t<h2 class=\"elementor-heading-title elementor-size-default\">Guardado en Roble.<\/h2>\t\t\t\t<\/div>\n\t\t\t\t<\/div>\n\t\t\t\t<div class=\"elementor-element elementor-element-55026be elementor-widget__width-initial elementor-invisible elementor-widget elementor-widget-image\" data-id=\"55026be\" data-element_type=\"widget\" data-settings=\"{&quot;_animation&quot;:&quot;fadeInRight&quot;}\" data-widget_type=\"image.default\">\n\t\t\t\t<div class=\"elementor-widget-container\">\n\t\t\t\t\t\t\t\t\t\t\t\t\t\t\t<img decoding=\"async\" src=\"https:\/\/boulegado.cl\/wp-content\/uploads\/2024\/02\/35.png\" title=\"35\" alt=\"35\" loading=\"lazy\" \/>\t\t\t\t\t\t\t\t\t\t\t\t\t\t\t<\/div>\n\t\t\t\t<\/div>\n\t\t\t\t<\/div>\n\t\t<div class=\"elementor-element elementor-element-5a0481d e-con-full e-flex wpr-particle-no wpr-jarallax-no wpr-parallax-no wpr-sticky-section-no e-con e-child\" data-id=\"5a0481d\" data-element_type=\"container\" data-settings=\"{&quot;_ha_eqh_enable&quot;:false}\">\n\t\t\t\t<div class=\"elementor-element elementor-element-2d15184 elementor-widget elementor-widget-text-editor\" data-id=\"2d15184\" data-element_type=\"widget\" data-widget_type=\"text-editor.default\">\n\t\t\t\t<div class=\"elementor-widget-container\">\n\t\t\t\t\t\t\t\t\t<p><strong>Producto:<\/strong><br \/>Pisco.<br \/><strong>Graduaci\u00f3n:<\/strong><br \/>Alc. 35% Vol. \/ Especial.<br \/><strong>Procedencia:<\/strong><br \/>Envasado en origen en Jorquera, comuna de Salamanca,<br \/>IV Regi\u00f3n de Coquimbo, Chile.<\/p>\t\t\t\t\t\t\t\t<\/div>\n\t\t\t\t<\/div>\n\t\t\t\t<div class=\"elementor-element elementor-element-87f2fde elementor-widget elementor-widget-text-editor\" data-id=\"87f2fde\" data-element_type=\"widget\" data-widget_type=\"text-editor.default\">\n\t\t\t\t<div class=\"elementor-widget-container\">\n\t\t\t\t\t\t\t\t\t<p><strong>Color:<\/strong><br \/>Ambar brillante con destellos anaranjados.<br \/><strong>Cepas:<\/strong><br \/>Moscatel Rosada y Moscatel de Alejandr\u00eda.<br \/><strong>Vinificaci\u00f3n:<\/strong><br \/>Vinificaci\u00f3n en blanco y maceraci\u00f3n a baja temperatura.<br \/><strong>Destilaci\u00f3n:<\/strong><br \/>Destilaci\u00f3n en Alambiques discontinuos de cobre con el<br \/>fin de conservar aromas y sabores de las cepas Moscatel.<br \/><strong>Guarda:<\/strong><br \/>Protegido en barricas de roble franc\u00e9s de primer uso.<br \/><strong>Tratamientos:<\/strong><br \/>Filtraci\u00f3n en fr\u00edo y filtraci\u00f3n<\/p>\t\t\t\t\t\t\t\t<\/div>\n\t\t\t\t<\/div>\n\t\t\t\t<\/div>\n\t\t<div class=\"elementor-element elementor-element-f955b8a e-con-full e-flex wpr-particle-no wpr-jarallax-no wpr-parallax-no wpr-sticky-section-no e-con e-child\" data-id=\"f955b8a\" data-element_type=\"container\" data-settings=\"{&quot;_ha_eqh_enable&quot;:false}\">\n\t\t\t\t<div class=\"elementor-element elementor-element-5b96104 elementor-widget elementor-widget-text-editor\" data-id=\"5b96104\" data-element_type=\"widget\" data-widget_type=\"text-editor.default\">\n\t\t\t\t<div class=\"elementor-widget-container\">\n\t\t\t\t\t\t\t\t\t<p>Acidez (\u00c1cido Ac\u00e9tico) 0,043<br \/>Esteres (Acetato Etilo) 0,274<br \/>Acetaldehido 0,136<br \/>Furfural 0,007<br \/>Alcohol Met\u00edlico 0,789<br \/>Alcohol Prop\u00edlico 0,449<br \/>Alcohol Isobut\u00edlico 0,261<br \/>Alcohol But\u00edlico \u2014<br \/>Alcoholes Amilico Activo e Isoam\u00edlico 1,196<\/p>\t\t\t\t\t\t\t\t<\/div>\n\t\t\t\t<\/div>\n\t\t\t\t<div class=\"elementor-element elementor-element-305f7f2 elementor-widget elementor-widget-text-editor\" data-id=\"305f7f2\" data-element_type=\"widget\" data-widget_type=\"text-editor.default\">\n\t\t\t\t<div class=\"elementor-widget-container\">\n\t\t\t\t\t\t\t\t\t<p><strong>Packaging:<\/strong><br \/>Botella de 750 ml. Tap\u00f3n Bartop Monoblock para garantizar<br \/>sellado. Etiqueta principal serigrafiada en botella y etiqueta identificadora seg\u00fan tipo y variedad. Contra etiqueta descriptiva del producto. C\u00e1psula termocontraible y estuche individual.<br \/><strong>Caja Master:<\/strong><br \/>Contiene seis botellas iguales con sus respectivos estuches.<br \/>Peso neto 9,3 Klg. Medidas 31,5 cm (Largo), 14 cm<br \/>(Ancho), 26,6 (Alto).<br \/><strong>Paletizado:<\/strong><br \/>21 Cajas Master por base. Cinco Bases de altura, 105 cajas<br \/>por pallet.<\/p>\t\t\t\t\t\t\t\t<\/div>\n\t\t\t\t<\/div>\n\t\t\t\t<\/div>\n\t\t\t\t\t<\/div>\n\t\t\t\t<\/div>\n\t\t\t\t\t<\/div>\n\t\t\t\t<\/div>\n\t\t\t\t<\/div>","protected":false},"excerpt":{"rendered":"<p>Pisco Especial 35\u00ba 1929 Bou Legado Guardado en Roble. Producto:Pisco.Graduaci\u00f3n:Alc. 35% Vol. \/ Especial.Procedencia:Envasado en origen en Jorquera, comuna de Salamanca,IV Regi\u00f3n de Coquimbo, Chile. Color:Ambar brillante con destellos anaranjados.Cepas:Moscatel Rosada y Moscatel de Alejandr\u00eda.Vinificaci\u00f3n:Vinificaci\u00f3n en blanco y maceraci\u00f3n a baja temperatura.Destilaci\u00f3n:Destilaci\u00f3n en Alambiques discontinuos de cobre con elfin de conservar aromas y sabores de las cepas Moscatel.Guarda:Protegido en barricas de roble franc\u00e9s de primer uso.Tratamientos:Filtraci\u00f3n en fr\u00edo y filtraci\u00f3n Acidez (\u00c1cido Ac\u00e9tico) 0,043Esteres (Acetato Etilo) 0,274Acetaldehido 0,136Furfural 0,007Alcohol Met\u00edlico 0,789Alcohol Prop\u00edlico 0,449Alcohol Isobut\u00edlico 0,261Alcohol But\u00edlico \u2014Alcoholes Amilico Activo e Isoam\u00edlico 1,196 Packaging:Botella de 750 ml. Tap\u00f3n Bartop Monoblock para garantizarsellado. Etiqueta principal serigrafiada en botella y etiqueta identificadora seg\u00fan tipo y variedad. Contra etiqueta descriptiva del producto. C\u00e1psula termocontraible y estuche individual.Caja Master:Contiene seis botellas iguales con sus respectivos estuches.Peso neto 9,3 Klg. Medidas 31,5 cm (Largo), 14 cm(Ancho), 26,6 (Alto).Paletizado:21 Cajas Master por base. Cinco Bases de altura, 105 cajaspor pallet.<\/p>","protected":false},"author":1,"featured_media":0,"parent":0,"menu_order":0,"comment_status":"closed","ping_status":"closed","template":"elementor_header_footer","meta":{"_joinchat":[],"footnotes":""},"class_list":["post-1209","page","type-page","status-publish"],"_links":{"self":[{"href":"https:\/\/boulegado.cl\/en\/wp-json\/wp\/v2\/pages\/1209","targetHints":{"allow":["GET"]}}],"collection":[{"href":"https:\/\/boulegado.cl\/en\/wp-json\/wp\/v2\/pages"}],"about":[{"href":"https:\/\/boulegado.cl\/en\/wp-json\/wp\/v2\/types\/page"}],"author":[{"embeddable":true,"href":"https:\/\/boulegado.cl\/en\/wp-json\/wp\/v2\/users\/1"}],"replies":[{"embeddable":true,"href":"https:\/\/boulegado.cl\/en\/wp-json\/wp\/v2\/comments?post=1209"}],"version-history":[{"count":4,"href":"https:\/\/boulegado.cl\/en\/wp-json\/wp\/v2\/pages\/1209\/revisions"}],"predecessor-version":[{"id":1214,"href":"https:\/\/boulegado.cl\/en\/wp-json\/wp\/v2\/pages\/1209\/revisions\/1214"}],"wp:attachment":[{"href":"https:\/\/boulegado.cl\/en\/wp-json\/wp\/v2\/media?parent=1209"}],"curies":[{"name":"wp","href":"https:\/\/api.w.org\/{rel}","templated":true}]}}